{"id":29,"date":"2019-03-09T22:42:05","date_gmt":"2019-03-09T21:42:05","guid":{"rendered":"http:\/\/dev.baseandco.com\/?page_id=29"},"modified":"2024-11-12T16:47:21","modified_gmt":"2024-11-12T15:47:21","slug":"societe","status":"publish","type":"page","link":"https:\/\/old.baseandco.com\/gb\/societe\/","title":{"rendered":"soci\u00e9t\u00e9"},"content":{"rendered":"<section id=\"teampage\">\n<div class=\"container\">\n<div class=\"row align-items-center\">\n<h3>Soci\u00e9t\u00e9<\/h3>\n<\/div>\n<\/div>\n<\/section>\n<section id=\"about_societe\" class=\"wow fadeInUp\">\n<div class=\"container\">\n<div class=\"row\">\n<div class=\"col-lg-8 content\">\n<h2>EDOUARD LHUERRE &#8211; FONDATEUR<\/h2>\n<p class=\"\">Elev\u00e9 dans le milieu du web, Edouard d\u00e9bute sa carri\u00e8re chez Spray en 1999. Sa mission consiste \u00e0 promouvoir les op\u00e9rations \u00e9v\u00e8nementielles pour la g\u00e9n\u00e9ration traffic. En 2000, il rejoint le groupe Macati, sp\u00e9cialis\u00e9 dans le recrutement de membres qualifi\u00e9s et personnalis\u00e9s sur Internet. Suite au rachat de ce dernier par la r\u00e9gie publicitaire Ad Pepper Media en 2003, Edouard Lhuerre est nomm\u00e9 Trafic manager France. En 2004, il int\u00e8gre l\u2019un des plus importants groupes am\u00e9ricains de marketing, Value Click Media en tant que responsable commercial \/ p\u00f4le performance. En mai 2005, il fonde l\u2019agence Base&amp;Co pour r\u00e9pondre \u00e0 diff\u00e9rentes probl\u00e9matiques d\u2019acquisition et proposer un r\u00e9seau novateur de diffusion aux clients.<\/p>\n\n<\/div>\n<div class=\"col-lg-4 content\"><img decoding=\"async\" src=\"https:\/\/old.baseandco.com\/wp-content\/themes\/twentyseventeen\/assets\/img\/team\/team.jpg\" alt=\"\"><\/div>\n<\/div>\n<\/div>\n<\/section>\n<section id=\"team\" class=\"wow fadeInUp\">\n<div class=\"container\">\n<div class=\"section-header\">\n<h2>La direction<\/h2>\n<!--\n<p class=\"\">Toute l\u2019\u00e9quipe s\u2019efforce, tout au long de vos projets, d\u2019\u00eatre force de proposition sur vos futures orientations en proposant des solutions toujours plus recherch\u00e9es.<\/p>\n\n-->\n\n<\/div>\n<div class=\"row\">\n<div class=\"col-lg-3 col-md-6\">\n<div class=\"member\">\n<div class=\"pic\"><img decoding=\"async\" src=\"https:\/\/old.baseandco.com\/wp-content\/themes\/twentyseventeen\/assets\/img\/team\/team-1.jpg\" alt=\"\"><\/div>\n<div class=\"details\">\n<h4>Edouard LHUERRE<\/h4>\nCEO\n\n<\/div>\n<\/div>\n<\/div>\n<div class=\"col-lg-3 col-md-6\">\n<div class=\"member\">\n<div class=\"pic\"><img decoding=\"async\" src=\"https:\/\/old.baseandco.com\/wp-content\/themes\/twentyseventeen\/assets\/img\/team\/team-3.jpg\" alt=\"\"><\/div>\n<div class=\"details\">\n<h4>Pascal DEBRIS<\/h4>\nResponsable P\u00f4le administratif\n\n<\/div>\n<\/div>\n<\/div>\n<div class=\"col-lg-3 col-md-6\">\n<div class=\"member\">\n<div class=\"pic\"><img decoding=\"async\" src=\"https:\/\/old.baseandco.com\/wp-content\/themes\/twentyseventeen\/assets\/img\/team\/team-wissem.jpg\" alt=\"\"><\/div>\n<div class=\"details\">\n<h4>Wissem BEZINA<\/h4>\nResponsable P\u00f4le op\u00e9rationnel\n\n<\/div>\n<\/div>\n<\/div>\n<div class=\"col-lg-3 col-md-6\">\n<div class=\"member\">\n<div class=\"pic\"><img decoding=\"async\" src=\"https:\/\/old.baseandco.com\/wp-content\/themes\/twentyseventeen\/assets\/img\/team\/team-romain.jpg\" alt=\"\"><\/div>\n<div class=\"details\">\n<h4>Romain RIBERPREY<\/h4>\nCommercial\n\n<\/div>\n<\/div>\n<\/div>\n<div class=\"col-lg-3 col-md-6\">\n<div class=\"member\">\n<div class=\"pic\"><img decoding=\"async\" src=\"https:\/\/old.baseandco.com\/wp-content\/themes\/twentyseventeen\/assets\/img\/team\/team-11.jpg\" alt=\"\"><\/div>\n<div class=\"details\">\n<h4>Davy DIAZ<\/h4>\nResponsable P\u00f4le int\u00e9gration\n\n<\/div>\n<\/div>\n<\/div>\n<div class=\"col-lg-3 col-md-6\">\n<div class=\"member\">\n<div class=\"pic\"><img decoding=\"async\" src=\"https:\/\/old.baseandco.com\/wp-content\/themes\/twentyseventeen\/assets\/img\/team\/team-14.jpg\" alt=\"\"><\/div>\n<div class=\"details\">\n<h4>Xin GUAN<\/h4>\nResponsable P\u00f4le cr\u00e9ation\n\n<\/div>\n<\/div>\n<\/div>\n<\/div>\n<\/div>\n<\/section>\n<section id=\"gallery\" class=\"wow fadeInUp\">\n<div class=\"container\">\n<div class=\"section-header\">\n<h2>OFFICE<\/h2>\n<\/div>\n<\/div>\n<div class=\"owl-carousel gallery-carousel\">\n<div class=\"venobox\" data-gall=\"gallery-carousel\"><img decoding=\"async\" src=\"https:\/\/old.baseandco.com\/wp-content\/themes\/twentyseventeen\/assets\/img\/office\/1.jpg\"><\/div>\n<div class=\"venobox\" data-gall=\"gallery-carousel\"><img decoding=\"async\" src=\"https:\/\/old.baseandco.com\/wp-content\/themes\/twentyseventeen\/assets\/img\/office\/2.jpg\"><\/div>\n<div class=\"venobox\" data-gall=\"gallery-carousel\"><img decoding=\"async\" src=\"https:\/\/old.baseandco.com\/wp-content\/themes\/twentyseventeen\/assets\/img\/office\/3.jpg\"><\/div>\n<div class=\"venobox\" data-gall=\"gallery-carousel\"><img decoding=\"async\" src=\"https:\/\/old.baseandco.com\/wp-content\/themes\/twentyseventeen\/assets\/img\/office\/4.jpg\"><\/div>\n<div class=\"venobox\" data-gall=\"gallery-carousel\"><img decoding=\"async\" src=\"https:\/\/old.baseandco.com\/wp-content\/themes\/twentyseventeen\/assets\/img\/office\/5.jpg\"><\/div>\n<\/div>\n<\/section>\n<footer id=\"footer\">\n<div class=\"footer-top\">\n<div class=\"container\">\n<div class=\"row\">\n<div class=\"col-lg-3 col-md-6 footer-info\"><img decoding=\"async\" title=\"logo\" src=\"https:\/\/old.baseandco.com\/wp-content\/themes\/twentyseventeen\/assets\/img\/logo_b.png\" alt=\"\">\n<p class=\"\">Base&amp;CO, plus de leads, plus de vente.<\/p>\n\n<\/div>\n<div class=\"col-lg-2 col-md-6 footer-links\">\n<h4>Liens utiles<\/h4>\n<ul><li><i class=\"ion-ios-arrow-right\"><\/i>&nbsp;<a href=\"https:\/\/old.baseandco.com\/gb\/\">Home<\/a><\/li>\n<li><i class=\"ion-ios-arrow-right\"><\/i>&nbsp;<a href=\"https:\/\/old.baseandco.com\/gb\/solutions\/\">Solutions<\/a><\/li>\n<li><i class=\"ion-ios-arrow-right\"><\/i>&nbsp;<a href=\"https:\/\/old.baseandco.com\/gb\/clients\/\">Clients<\/a><\/li>\n<li><i class=\"ion-ios-arrow-right\"><\/i>&nbsp;<a href=\"https:\/\/old.baseandco.com\/gb\/news\/\">News<\/a><\/li>\n<li><i class=\"ion-ios-arrow-right\"><\/i>&nbsp;<a href=\"https:\/\/old.baseandco.com\/gb\/societe\/\">Company<\/a><\/li>\n<li><i class=\"ion-ios-arrow-right\"><\/i>&nbsp;<a href=\"https:\/\/old.baseandco.com\/gb\/contact\/\">Contact<\/a><\/li>\n<\/ul>\n<\/div>\n<div class=\"col-lg-4 col-md-6 footer-contact\">\n<h4>Contactez-nous<\/h4>\n<p class=\"\"><strong>Adresse :<\/strong> 9 Bd Gouvion-Saint-Cyr, 75017 Paris<br class=\"\">\n<strong>T\u00e9l\u00e9phone :<\/strong> +33 1 58 36 02 35\n\n<\/div>\n<div class=\"col-lg-3 col-md-6 footer-newsletter\">\n<h4>Newsletter<\/h4>\n<p class=\"\">Restez inform\u00e9 !<br class=\"\">Abonnez-vous \u00e0 notre newsletter.<\/p>\n\n<form id=\"mc-embedded-subscribe-form\" class=\"validate\" action=\"https:\/\/baseandco.us5.list-manage.com\/subscribe\/post?u=a1e912accacd16bb093090d7c&amp;id=e80f0136c2\" method=\"post\" name=\"mc-embedded-subscribe-form\" novalidate=\"\" target=\"_blank\"><input id=\"mce-EMAIL\" class=\"required email\" name=\"EMAIL\" type=\"email\" value=\"\"><input id=\"mc-embedded-subscribe\" class=\"button\" name=\"subscribe\" type=\"submit\" value=\"Subscribe\"><\/form><script type=\"text\/javascript\" src=\"\/\/s3.amazonaws.com\/downloads.mailchimp.com\/js\/mc-validate.js\"><\/script><script type=\"text\/javascript\">(function($) {window.fnames = new Array(); window.ftypes = new Array();fnames[0]='EMAIL';ftypes[0]='email';}(jQuery));var $mcj = jQuery.noConflict(true);<\/script>\n\n<\/div>\n<\/div>\n<\/div>\n<\/div>\n<div class=\"container\">\n<div class=\"copyright\">\u00a9 Copyright 2005-2026 <strong>Base&amp;Co Paris |<\/strong> Tous droits r\u00e9serv\u00e9s<\/div>\n<\/div>\n<\/footer>","protected":false},"excerpt":{"rendered":"Soci\u00e9t\u00e9 EDOUARD LHUERRE &#8211; FONDATEUR Elev\u00e9 dans le milieu du web, Edouard d\u00e9bute sa carri\u00e8re chez Spray en 1999. Sa mission consiste \u00e0 promouvoir les op\u00e9rations \u00e9v\u00e8nementielles pour la g\u00e9n\u00e9ration traffic. En 2000, il rejoint le groupe Macati, sp\u00e9cialis\u00e9 dans le recrutement de membres qualifi\u00e9s et personnalis\u00e9s sur Internet. Suite au rachat de ce dernier &hellip; <p class=\"link-more\"><a href=\"https:\/\/old.baseandco.com\/gb\/societe\/\" class=\"more-link\">Continue reading<span class=\"screen-reader-text\"> &#8220;soci\u00e9t\u00e9&#8221;<\/span><\/a><\/p>","protected":false},"author":1,"featured_media":0,"parent":0,"menu_order":0,"comment_status":"closed","ping_status":"closed","template":"","meta":{"footnotes":""},"class_list":["post-29","page","type-page","status-publish","hentry"],"translation":{"provider":"WPGlobus","version":"3.0.0","language":"gb","enabled_languages":["fr","gb"],"languages":{"fr":{"title":true,"content":true,"excerpt":false},"gb":{"title":false,"content":true,"excerpt":false}}},"yoast_head":"<!-- This site is optimized with the Yoast SEO plugin v24.2 - https:\/\/yoast.com\/wordpress\/plugins\/seo\/ -->\n<title>soci\u00e9t\u00e9 - Base&amp;Co | Agence Performance Digital<\/title>\n<meta name=\"robots\" content=\"noindex, follow, max-snippet:-1, max-image-preview:large, max-video-preview:-1\" \/>\n<meta property=\"og:locale\" content=\"en_GB\" \/>\n<meta property=\"og:type\" content=\"article\" \/>\n<meta property=\"og:title\" content=\"soci\u00e9t\u00e9 - Base&amp;Co | Agence Performance Digital\" \/>\n<meta property=\"og:url\" content=\"https:\/\/old.baseandco.com\/gb\/societe\/\" \/>\n<meta property=\"og:site_name\" content=\"Base&amp;Co | Agence Performance Digital\" \/>\n<meta property=\"article:modified_time\" content=\"2024-11-12T15:47:21+00:00\" \/>\n<meta name=\"twitter:card\" content=\"summary_large_image\" \/>\n<meta name=\"twitter:label1\" content=\"Est. reading time\" \/>\n\t<meta name=\"twitter:data1\" content=\"3 minutes\" \/>\n<script type=\"application\/ld+json\" class=\"yoast-schema-graph\">{\"@context\":\"https:\/\/schema.org\",\"@graph\":[{\"@type\":\"WebPage\",\"@id\":\"https:\/\/old.baseandco.com\/gb\/societe\/\",\"url\":\"https:\/\/old.baseandco.com\/gb\/societe\/\",\"name\":\"soci\u00e9t\u00e9 - Base&amp;Co | Agence Performance Digital\",\"isPartOf\":{\"@id\":\"https:\/\/old.baseandco.com\/gb\/#website\"},\"datePublished\":\"2019-03-09T21:42:05+00:00\",\"dateModified\":\"2024-11-12T15:47:21+00:00\",\"breadcrumb\":{\"@id\":\"https:\/\/old.baseandco.com\/gb\/societe\/#breadcrumb\"},\"inLanguage\":\"en-GB\",\"potentialAction\":[{\"@type\":\"ReadAction\",\"target\":[\"https:\/\/old.baseandco.com\/gb\/societe\/\"]}]},{\"@type\":\"BreadcrumbList\",\"@id\":\"https:\/\/old.baseandco.com\/gb\/societe\/#breadcrumb\",\"itemListElement\":[{\"@type\":\"ListItem\",\"position\":1,\"name\":\"Accueil\",\"item\":\"https:\/\/old.baseandco.com\/gb\/\"},{\"@type\":\"ListItem\",\"position\":2,\"name\":\"soci\u00e9t\u00e9\"}]},{\"@type\":\"WebSite\",\"@id\":\"https:\/\/old.baseandco.com\/gb\/#website\",\"url\":\"https:\/\/old.baseandco.com\/gb\/\",\"name\":\"Base&amp;Co | Agence Performance Digital\",\"description\":\"\",\"potentialAction\":[{\"@type\":\"SearchAction\",\"target\":{\"@type\":\"EntryPoint\",\"urlTemplate\":\"https:\/\/old.baseandco.com\/gb\/?s={search_term_string}\"},\"query-input\":{\"@type\":\"PropertyValueSpecification\",\"valueRequired\":true,\"valueName\":\"search_term_string\"}}],\"inLanguage\":\"en-GB\"}]}<\/script>\n<!-- \/ Yoast SEO plugin. -->","yoast_head_json":{"title":"soci\u00e9t\u00e9 - Base&amp;Co | Agence Performance Digital","robots":{"index":"noindex","follow":"follow","max-snippet":"max-snippet:-1","max-image-preview":"max-image-preview:large","max-video-preview":"max-video-preview:-1"},"og_locale":"en_GB","og_type":"article","og_title":"soci\u00e9t\u00e9 - Base&amp;Co | Agence Performance Digital","og_url":"https:\/\/old.baseandco.com\/gb\/societe\/","og_site_name":"Base&amp;Co | Agence Performance Digital","article_modified_time":"2024-11-12T15:47:21+00:00","twitter_card":"summary_large_image","twitter_misc":{"Est. reading time":"3 minutes"},"schema":{"@context":"https:\/\/schema.org","@graph":[{"@type":"WebPage","@id":"https:\/\/old.baseandco.com\/gb\/societe\/","url":"https:\/\/old.baseandco.com\/gb\/societe\/","name":"soci\u00e9t\u00e9 - Base&amp;Co | Agence Performance Digital","isPartOf":{"@id":"https:\/\/old.baseandco.com\/gb\/#website"},"datePublished":"2019-03-09T21:42:05+00:00","dateModified":"2024-11-12T15:47:21+00:00","breadcrumb":{"@id":"https:\/\/old.baseandco.com\/gb\/societe\/#breadcrumb"},"inLanguage":"en-GB","potentialAction":[{"@type":"ReadAction","target":["https:\/\/old.baseandco.com\/gb\/societe\/"]}]},{"@type":"BreadcrumbList","@id":"https:\/\/old.baseandco.com\/gb\/societe\/#breadcrumb","itemListElement":[{"@type":"ListItem","position":1,"name":"Accueil","item":"https:\/\/old.baseandco.com\/gb\/"},{"@type":"ListItem","position":2,"name":"soci\u00e9t\u00e9"}]},{"@type":"WebSite","@id":"https:\/\/old.baseandco.com\/gb\/#website","url":"https:\/\/old.baseandco.com\/gb\/","name":"Base&amp;Co | Agence Performance Digital","description":"","potentialAction":[{"@type":"SearchAction","target":{"@type":"EntryPoint","urlTemplate":"https:\/\/old.baseandco.com\/gb\/?s={search_term_string}"},"query-input":{"@type":"PropertyValueSpecification","valueRequired":true,"valueName":"search_term_string"}}],"inLanguage":"en-GB"}]}},"_links":{"self":[{"href":"https:\/\/old.baseandco.com\/gb\/wp-json\/wp\/v2\/pages\/29","targetHints":{"allow":["GET"]}}],"collection":[{"href":"https:\/\/old.baseandco.com\/gb\/wp-json\/wp\/v2\/pages"}],"about":[{"href":"https:\/\/old.baseandco.com\/gb\/wp-json\/wp\/v2\/types\/page"}],"author":[{"embeddable":true,"href":"https:\/\/old.baseandco.com\/gb\/wp-json\/wp\/v2\/users\/1"}],"replies":[{"embeddable":true,"href":"https:\/\/old.baseandco.com\/gb\/wp-json\/wp\/v2\/comments?post=29"}],"version-history":[{"count":176,"href":"https:\/\/old.baseandco.com\/gb\/wp-json\/wp\/v2\/pages\/29\/revisions"}],"predecessor-version":[{"id":2529,"href":"https:\/\/old.baseandco.com\/gb\/wp-json\/wp\/v2\/pages\/29\/revisions\/2529"}],"wp:attachment":[{"href":"https:\/\/old.baseandco.com\/gb\/wp-json\/wp\/v2\/media?parent=29"}],"curies":[{"name":"wp","href":"https:\/\/api.w.org\/{rel}","templated":true}]}}