{"id":13,"date":"2019-03-09T22:33:42","date_gmt":"2019-03-09T21:33:42","guid":{"rendered":"http:\/\/dev.baseandco.com\/?page_id=13"},"modified":"2024-02-06T10:11:56","modified_gmt":"2024-02-06T09:11:56","slug":"clients","status":"publish","type":"page","link":"https:\/\/old.baseandco.com\/gb\/clients\/","title":{"rendered":"clients"},"content":{"rendered":"<section id=\"clientspage\">\n<div class=\"container\">\n<div class=\"row align-items-center\">\n<h3>Clients<\/h3>\n<\/div>\n<\/div>\n<\/section>\n<section id=\"sponsors\" class=\"section-with-bg wow fadeInUp\">\n<div class=\"container\">\n<div class=\"section-header\">\n<h2>Customer References<\/h2>\n<p class=\"\">We are privileged to count with a client portfolio from different business sectors (automotive, tourism, real estate, finance, luxe\u2026)<\/p>\n\n<\/div>\n<div class=\"row no-gutters sponsors-wrap clearfix\">\n<div class=\"col-lg-2 col-md-4 col-6\">\n<div class=\"sponsor-logo\"><img decoding=\"async\" src=\"https:\/\/old.baseandco.com\/wp-content\/themes\/twentyseventeen\/assets\/img\/clients\/bose.png\" class=\"img-fluid\" alt=\"bose\"><\/div>\n<\/div>\n<div class=\"col-lg-2 col-md-4 col-6\">\n<div class=\"sponsor-logo\"><img decoding=\"async\" src=\"https:\/\/old.baseandco.com\/wp-content\/themes\/twentyseventeen\/assets\/img\/clients\/cogedim.png\" class=\"img-fluid\" alt=\"cogedim\"><\/div>\n<\/div>\n<div class=\"col-lg-2 col-md-4 col-6\">\n<div class=\"sponsor-logo\"><img decoding=\"async\" src=\"https:\/\/old.baseandco.com\/wp-content\/themes\/twentyseventeen\/assets\/img\/clients\/bouygues-immobilier.png\" class=\"img-fluid\" alt=\"bouygues-immobilier\"><\/div>\n<\/div>\n<div class=\"col-lg-2 col-md-4 col-6\">\n<div class=\"sponsor-logo\"><img decoding=\"async\" src=\"https:\/\/old.baseandco.com\/wp-content\/themes\/twentyseventeen\/assets\/img\/clients\/abrisud.png\" class=\"img-fluid\" alt=\"abrisud\"><\/div>\n<\/div>\n<div class=\"col-lg-2 col-md-4 col-6\">\n<div class=\"sponsor-logo\"><img decoding=\"async\" src=\"https:\/\/old.baseandco.com\/wp-content\/themes\/twentyseventeen\/assets\/img\/clients\/hachette.png\" class=\"img-fluid\" alt=\"hachette\"><\/div>\n<\/div>\n<div class=\"col-lg-2 col-md-4 col-6\">\n<div class=\"sponsor-logo\"><img decoding=\"async\" src=\"https:\/\/old.baseandco.com\/wp-content\/themes\/twentyseventeen\/assets\/img\/clients\/nespresso.png\" class=\"img-fluid\" alt=\"nespresso\"><\/div>\n<\/div>\n<div class=\"col-lg-2 col-md-4 col-6\">\n<div class=\"sponsor-logo\"><img decoding=\"async\" src=\"https:\/\/old.baseandco.com\/wp-content\/themes\/twentyseventeen\/assets\/img\/clients\/phytalliance.png\" class=\"img-fluid\" alt=\"phytalliance\"><\/div>\n<\/div>\n<div class=\"col-lg-2 col-md-4 col-6\">\n<div class=\"sponsor-logo\"><img decoding=\"async\" src=\"https:\/\/old.baseandco.com\/wp-content\/themes\/twentyseventeen\/assets\/img\/clients\/generali.png\" class=\"img-fluid\" alt=\"generali\"><\/div>\n<\/div>\n<div class=\"col-lg-2 col-md-4 col-6\">\n<div class=\"sponsor-logo\"><img decoding=\"async\" src=\"https:\/\/old.baseandco.com\/wp-content\/themes\/twentyseventeen\/assets\/img\/clients\/tryba.png\" class=\"img-fluid\" alt=\"tryba\"><\/div>\n<\/div>\n<div class=\"col-lg-2 col-md-4 col-6\">\n<div class=\"sponsor-logo\"><img decoding=\"async\" src=\"https:\/\/old.baseandco.com\/wp-content\/themes\/twentyseventeen\/assets\/img\/clients\/bnp-paribas.png\" class=\"img-fluid\" alt=\"bnp-paribas\"><\/div>\n<\/div>\n<div class=\"col-lg-2 col-md-4 col-6\">\n<div class=\"sponsor-logo\"><img decoding=\"async\" src=\"https:\/\/old.baseandco.com\/wp-content\/themes\/twentyseventeen\/assets\/img\/clients\/kaufman-et-broad.png\" class=\"img-fluid\" alt=\"kaufman-et-broad\"><\/div>\n<\/div>\n<div class=\"col-lg-2 col-md-4 col-6\">\n<div class=\"sponsor-logo\"><img decoding=\"async\" src=\"https:\/\/old.baseandco.com\/wp-content\/themes\/twentyseventeen\/assets\/img\/clients\/aterno.png\" class=\"img-fluid\" alt=\"aterno\"><\/div>\n<\/div>\n<div class=\"col-lg-2 col-md-4 col-6\">\n<div class=\"sponsor-logo\"><img decoding=\"async\" src=\"https:\/\/old.baseandco.com\/wp-content\/themes\/twentyseventeen\/assets\/img\/clients\/air-canada.png\" class=\"img-fluid\" alt=\"air-canada\"><\/div>\n<\/div>\n<div class=\"col-lg-2 col-md-4 col-6\">\n<div class=\"sponsor-logo\"><img decoding=\"async\" src=\"https:\/\/old.baseandco.com\/wp-content\/themes\/twentyseventeen\/assets\/img\/clients\/macif.png\" class=\"img-fluid\" alt=\"macif\"><\/div>\n<\/div>\n<div class=\"col-lg-2 col-md-4 col-6\">\n<div class=\"sponsor-logo\"><img decoding=\"async\" src=\"https:\/\/old.baseandco.com\/wp-content\/themes\/twentyseventeen\/assets\/img\/clients\/vinci.png\" class=\"img-fluid\" alt=\"vinci\"><\/div>\n<\/div>\n<div class=\"col-lg-2 col-md-4 col-6\">\n<div class=\"sponsor-logo\"><img decoding=\"async\" src=\"https:\/\/old.baseandco.com\/wp-content\/themes\/twentyseventeen\/assets\/img\/clients\/nexity.png\" class=\"img-fluid\" alt=\"nexity\"><\/div>\n<\/div>\n<div class=\"col-lg-2 col-md-4 col-6\">\n<div class=\"sponsor-logo\"><img decoding=\"async\" src=\"https:\/\/old.baseandco.com\/wp-content\/themes\/twentyseventeen\/assets\/img\/clients\/amaguiz.png\" class=\"img-fluid\" alt=\"amaguiz\"><\/div>\n<\/div>\n<div class=\"col-lg-2 col-md-4 col-6\">\n<div class=\"sponsor-logo\"><img decoding=\"async\" src=\"https:\/\/old.baseandco.com\/wp-content\/themes\/twentyseventeen\/assets\/img\/clients\/engie.png\" class=\"img-fluid\" alt=\"engie\"><\/div>\n<\/div>\n<div class=\"col-lg-2 col-md-4 col-6\">\n<div class=\"sponsor-logo\"><img decoding=\"async\" src=\"https:\/\/old.baseandco.com\/wp-content\/themes\/twentyseventeen\/assets\/img\/clients\/eps.png\" class=\"img-fluid\" alt=\"eps\"><\/div>\n<\/div>\n<div class=\"col-lg-2 col-md-4 col-6\">\n<div class=\"sponsor-logo\"><img decoding=\"async\" src=\"https:\/\/old.baseandco.com\/wp-content\/themes\/twentyseventeen\/assets\/img\/clients\/velux.png\" class=\"img-fluid\" alt=\"velux\"><\/div>\n<\/div>\n<div class=\"col-lg-2 col-md-4 col-6\">\n<div class=\"sponsor-logo\"><img decoding=\"async\" src=\"https:\/\/old.baseandco.com\/wp-content\/themes\/twentyseventeen\/assets\/img\/clients\/eiffage.png\" class=\"img-fluid\" alt=\"eiffage\"><\/div>\n<\/div>\n<div class=\"col-lg-2 col-md-4 col-6\">\n<div class=\"sponsor-logo\"><img decoding=\"async\" src=\"https:\/\/old.baseandco.com\/wp-content\/themes\/twentyseventeen\/assets\/img\/clients\/brabantia.png\" class=\"img-fluid\" alt=\"brabantia\"><\/div>\n<\/div>\n<div class=\"col-lg-2 col-md-4 col-6\">\n<div class=\"sponsor-logo\"><img decoding=\"async\" src=\"https:\/\/old.baseandco.com\/wp-content\/themes\/twentyseventeen\/assets\/img\/clients\/chg.png\" class=\"img-fluid\" alt=\"chg\"><\/div>\n<\/div>\n<div class=\"col-lg-2 col-md-4 col-6\">\n<div class=\"sponsor-logo\"><img decoding=\"async\" src=\"https:\/\/old.baseandco.com\/wp-content\/themes\/twentyseventeen\/assets\/img\/clients\/abrisud.png\" class=\"img-fluid\" alt=\"abrisud\"><\/div>\n<\/div>\n<div class=\"col-lg-2 col-md-4 col-6\">\n<div class=\"sponsor-logo\"><img decoding=\"async\" src=\"https:\/\/old.baseandco.com\/wp-content\/themes\/twentyseventeen\/assets\/img\/clients\/chg.png\" class=\"img-fluid\" alt=\"chg\"><\/div>\n<\/div>\n<div class=\"col-lg-2 col-md-4 col-6\">\n<div class=\"sponsor-logo\"><img decoding=\"async\" src=\"https:\/\/old.baseandco.com\/wp-content\/themes\/twentyseventeen\/assets\/img\/clients\/medland.png\" class=\"img-fluid\" alt=\"medland\"><\/div>\n<\/div>\n<div class=\"col-lg-2 col-md-4 col-6\">\n<div class=\"sponsor-logo\"><img decoding=\"async\" src=\"https:\/\/old.baseandco.com\/wp-content\/themes\/twentyseventeen\/assets\/img\/clients\/tiendanimal.png\" class=\"img-fluid\" alt=\"tiendanimal\"><\/div>\n<\/div>\n<div class=\"col-lg-2 col-md-4 col-6\">\n<div class=\"sponsor-logo\"><img decoding=\"async\" src=\"https:\/\/old.baseandco.com\/wp-content\/themes\/twentyseventeen\/assets\/img\/clients\/creditocajero.png\" class=\"img-fluid\" alt=\"creditocajero\"><\/div>\n<\/div>\n<div class=\"col-lg-2 col-md-4 col-6\">\n<div class=\"sponsor-logo\"><img decoding=\"async\" src=\"https:\/\/old.baseandco.com\/wp-content\/themes\/twentyseventeen\/assets\/img\/clients\/costa.png\" class=\"img-fluid\" alt=\"costa\"><\/div>\n<\/div>\n<div class=\"col-lg-2 col-md-4 col-6\">\n<div class=\"sponsor-logo\"><img decoding=\"async\" src=\"https:\/\/old.baseandco.com\/wp-content\/themes\/twentyseventeen\/assets\/img\/clients\/transavia.png\" class=\"img-fluid\" alt=\"transavia\"><\/div>\n<\/div>\n<div class=\"col-lg-2 col-md-4 col-6\">\n<div class=\"sponsor-logo\"><img decoding=\"async\" src=\"https:\/\/old.baseandco.com\/wp-content\/themes\/twentyseventeen\/assets\/img\/clients\/gilmar.png\" class=\"img-fluid\" alt=\"gilmar\"><\/div>\n<\/div>\n<\/div>\n<\/div>\n<\/section>\n<section id=\"features\" class=\"wow fadeInUp\">\n<div class=\"container\">\n<div class=\"section-header\">\n<h2>HOW DOES IT WORK?<\/h2>\n<\/div>\n<div class=\"row\">\n<div class=\"col-lg-3 col-md-6 box wow fadeInRight\">\n<div class=\"icon\"><i class=\"ion-ios-people-outline\"><\/i><\/div>\n<h4 class=\"title\"><span>1<\/span> Client<\/h4>\n<p class=\"description\">Needs, ideas, advice, creation<\/p>\n\n<\/div>\n<div class=\"col-lg-3 col-md-6 box wow fadeInRight\" data-wow-delay=\"0.1s\">\n<div class=\"icon\"><i class=\"ion-ios-world-outline\"><\/i><\/div>\n<h4 class=\"title\"><span>2<\/span> Base&#038;co<\/h4>\n<p class=\"description\">Delivery and management<\/p>\n\n<\/div>\n<div class=\"col-lg-3 col-md-6 box wow fadeInRight\" data-wow-delay=\"0.2s\">\n<div class=\"icon\"><i class=\"ion-ios-speedometer-outline\"><\/i><\/div>\n<h4 class=\"title\"><span>3<\/span> Network<\/h4>\n<p class=\"description\">Monitoring, tracking and verification of the data collected by Base&#038;Coreg \/ Baztrack<\/p>\n\n<\/div>\n<div class=\"col-lg-3 col-md-6 box wow fadeInRight\" data-wow-delay=\"0.3s\">\n<div class=\"icon\"><i class=\"ion-social-buffer-outline\"><\/i><\/div>\n<h4 class=\"title\"><span>4<\/span> Collecting<\/h4>\n<p class=\"description\">Analysis &#038; recommendations<\/p>\n\n<\/div>\n<\/div>\n<\/div>\n<\/section>\n<section id=\"testimonials_2\" class=\"wow fadeInUp\">\n<div class=\"container\">\n<div class=\"section-header\">\n<h2>TESTIMONIALS<\/h2>\n<\/div>\n<div class=\"owl-carousel testimonials-carousel\"><div class=\"testimonial-item\">\n    <p><img decoding=\"async\" class=\"testimonial-img\" src=\"https:\/\/old.baseandco.com\/wp-content\/uploads\/2018\/11\/logo_nexity.png\" \/><img decoding=\"async\" class=\"quote-sign-left\" src=\"https:\/\/old.baseandco.com\/wp-content\/themes\/twentyseventeen\/assets\/img\/quote-sign-left.png\" alt=\"\" \/>Gr\u00e2ce \u00e0 des tests effectu\u00e9s par l\u2019agence Base&#038;Co via emailing d\u00e9di\u00e9, nous sommes arriv\u00e9s \u00e0 un taux de transformation exceptionnel de 18%. Il est vraiment int\u00e9ressant de voir que lorsque l\u2019on exploite bien le canal de la co-registration, nous pouvons r\u00e9aliser des volumes r\u00e9guliers chaque jour et r\u00e9aliser de fortes performances.<img decoding=\"async\" class=\"quote-sign-right\" src=\"https:\/\/old.baseandco.com\/wp-content\/themes\/twentyseventeen\/assets\/img\/quote-sign-right.png\" alt=\"\" \/><\/p>\n    <h3>Jean\u2011christophe DEVILLERS<\/h3>\n    <h4>Responsable Activation d&#8217;Audience<\/h4>\n<\/div>\n          \n<div class=\"testimonial-item\">\n    <p><img decoding=\"async\" class=\"testimonial-img\" src=\"https:\/\/old.baseandco.com\/wp-content\/uploads\/2019\/03\/logo_bose.png\" \/><img decoding=\"async\" class=\"quote-sign-left\" src=\"https:\/\/old.baseandco.com\/wp-content\/themes\/twentyseventeen\/assets\/img\/quote-sign-left.png\" alt=\"\" \/>Base&#038;Co has become an important partner for Bose. At first surprised by the guarantee of success that Base&#038;Co offered us, we are now satisfied with the results of our campaigns, which are effectively enriching our database. The teams have been able to understand our issues and propose innovative and effective concepts, while being pleasant and receptive.<img decoding=\"async\" class=\"quote-sign-right\" src=\"https:\/\/old.baseandco.com\/wp-content\/themes\/twentyseventeen\/assets\/img\/quote-sign-right.png\" alt=\"\" \/><\/p>\n    <h3>Tiffani Ben Ameur<\/h3>\n    <h4>Chef de Projet Marketing<\/h4>\n<\/div>\n          \n<div class=\"testimonial-item\">\n    <p><img decoding=\"async\" class=\"testimonial-img\" src=\"https:\/\/old.baseandco.com\/wp-content\/uploads\/2018\/11\/logo_idealdouche.png\" \/><img decoding=\"async\" class=\"quote-sign-left\" src=\"https:\/\/old.baseandco.com\/wp-content\/themes\/twentyseventeen\/assets\/img\/quote-sign-left.png\" alt=\"\" \/>Since 2010, we have trusted the expertise of the Base&#038;Co. In 2018, we maximized our performance by using A\/B testing to optimize results. Thanks to this testing phase and to the revamping of an innovative graphic design, we noticed an upward trend in our client base. Today, we rely on the key competencies of Base&#038;Co by using channels such as e-mailing, enhanced co-registration and native advertising.<img decoding=\"async\" class=\"quote-sign-right\" src=\"https:\/\/old.baseandco.com\/wp-content\/themes\/twentyseventeen\/assets\/img\/quote-sign-right.png\" alt=\"\" \/><\/p>\n    <h3>Coralie GRANET<\/h3>\n    <h4>Directrice Marketing et Relation Clients<\/h4>\n<\/div>\n          \n<\/div>\n<\/div>\n<\/section>\n<footer id=\"footer\">\n<div class=\"footer-top\">\n<div class=\"container\">\n<div class=\"row\">\n<div class=\"col-lg-3 col-md-6 footer-info\">\n<img decoding=\"async\" src=\"https:\/\/old.baseandco.com\/wp-content\/themes\/twentyseventeen\/assets\/img\/logo_b.png\" alt=\"\" title=\"logo\">\n<p class=\"\">Base&#038;CO, more leads, more sales<\/p>\n\n<\/div>\n<div class=\"col-lg-2 col-md-6 footer-links\">\n<h4>Useful links<\/h4>\n<ul><li><i class=\"ion-ios-arrow-right\"><\/i>&nbsp;<a href=\"https:\/\/old.baseandco.com\/gb\/\">Home<\/a><\/li>\n<li><i class=\"ion-ios-arrow-right\"><\/i>&nbsp;<a href=\"https:\/\/old.baseandco.com\/gb\/solutions\/\">Solutions<\/a><\/li>\n<li><i class=\"ion-ios-arrow-right\"><\/i>&nbsp;<a href=\"https:\/\/old.baseandco.com\/gb\/clients\/\">Clients<\/a><\/li>\n<li><i class=\"ion-ios-arrow-right\"><\/i>&nbsp;<a href=\"https:\/\/old.baseandco.com\/gb\/news\/\">News<\/a><\/li>\n<li><i class=\"ion-ios-arrow-right\"><\/i>&nbsp;<a href=\"https:\/\/old.baseandco.com\/gb\/societe\/\">Company<\/a><\/li>\n<li><i class=\"ion-ios-arrow-right\"><\/i>&nbsp;<a href=\"https:\/\/old.baseandco.com\/gb\/contact\/\">Contact<\/a><\/li>\n<\/ul>\n<\/div>\n<div class=\"col-lg-4 col-md-6 footer-contact\">\n<h4>Contact us<\/h4>\n<p class=\"\">\n<strong>Address :<\/strong> 9 Bd Gouvion-Saint-Cyr, 75017 Paris<br class=\"\">\n<strong>Phone :<\/strong> +33 1 58 36 02 35<br class=\"\">\n\n<\/div>\n<div class=\"col-lg-3 col-md-6 footer-newsletter\">\n<h4>Newsletter<\/h4>\n<p class=\"\">Stay informed on our latest news!<br class=\"\">Subscribe to our newsletter.<\/p>\n\n<form action=\"https:\/\/baseandco.us5.list-manage.com\/subscribe\/post?u=a1e912accacd16bb093090d7c&#038;id=e80f0136c2\" method=\"post\" id=\"mc-embedded-subscribe-form\" name=\"mc-embedded-subscribe-form\" class=\"validate\" target=\"_blank\" novalidate=\"\">\n<input type=\"email\" value=\"\" name=\"EMAIL\" class=\"required email\" id=\"mce-EMAIL\"><input type=\"submit\" value=\"Subscribe\" name=\"subscribe\" id=\"mc-embedded-subscribe\" class=\"button\">\n<\/form><script type=\"text\/javascript\" src=\"\/\/s3.amazonaws.com\/downloads.mailchimp.com\/js\/mc-validate.js\"><\/script><script type=\"text\/javascript\">(function($) {window.fnames = new Array(); window.ftypes = new Array();fnames[0]='EMAIL';ftypes[0]='email';}(jQuery));var $mcj = jQuery.noConflict(true);<\/script>\n\n<\/div>\n<\/div>\n<\/div>\n<\/div>\n<div class=\"container\">\n<div class=\"copyright\">\u00a9 Copyright 2005-2026 <strong>Base&#038;Co Paris |<\/strong> All rights reserved.<\/div>\n<\/div>\n<\/footer>","protected":false},"excerpt":{"rendered":"Clients Customer References We are privileged to count with a client portfolio from different business sectors (automotive, tourism, real estate, finance, luxe\u2026) HOW DOES IT WORK? 1 Client Needs, ideas, advice, creation 2 Base&#038;co Delivery and management 3 Network Monitoring, tracking and verification of the data collected by Base&#038;Coreg \/ Baztrack 4 Collecting Analysis &#038; &hellip; <p class=\"link-more\"><a href=\"https:\/\/old.baseandco.com\/gb\/clients\/\" class=\"more-link\">Continue reading<span class=\"screen-reader-text\"> &#8220;clients&#8221;<\/span><\/a><\/p>","protected":false},"author":1,"featured_media":0,"parent":0,"menu_order":0,"comment_status":"closed","ping_status":"closed","template":"","meta":{"footnotes":""},"class_list":["post-13","page","type-page","status-publish","hentry"],"translation":{"provider":"WPGlobus","version":"3.0.0","language":"gb","enabled_languages":["fr","gb"],"languages":{"fr":{"title":true,"content":true,"excerpt":false},"gb":{"title":false,"content":true,"excerpt":false}}},"yoast_head":"<!-- This site is optimized with the Yoast SEO plugin v24.2 - https:\/\/yoast.com\/wordpress\/plugins\/seo\/ -->\n<title>clients - Base&amp;Co | Agence Performance Digital<\/title>\n<meta name=\"robots\" content=\"noindex, follow, max-snippet:-1, max-image-preview:large, max-video-preview:-1\" \/>\n<meta property=\"og:locale\" content=\"en_GB\" \/>\n<meta property=\"og:type\" content=\"article\" \/>\n<meta property=\"og:title\" content=\"clients - Base&amp;Co | Agence Performance Digital\" \/>\n<meta property=\"og:url\" content=\"https:\/\/old.baseandco.com\/gb\/clients\/\" \/>\n<meta property=\"og:site_name\" content=\"Base&amp;Co | Agence Performance Digital\" \/>\n<meta property=\"article:modified_time\" content=\"2024-02-06T09:11:56+00:00\" \/>\n<meta name=\"twitter:card\" content=\"summary_large_image\" \/>\n<meta name=\"twitter:label1\" content=\"Est. reading time\" \/>\n\t<meta name=\"twitter:data1\" content=\"2 minutes\" \/>\n<script type=\"application\/ld+json\" class=\"yoast-schema-graph\">{\"@context\":\"https:\/\/schema.org\",\"@graph\":[{\"@type\":\"WebPage\",\"@id\":\"https:\/\/old.baseandco.com\/gb\/clients\/\",\"url\":\"https:\/\/old.baseandco.com\/gb\/clients\/\",\"name\":\"clients - Base&amp;Co | Agence Performance Digital\",\"isPartOf\":{\"@id\":\"https:\/\/old.baseandco.com\/gb\/#website\"},\"datePublished\":\"2019-03-09T21:33:42+00:00\",\"dateModified\":\"2024-02-06T09:11:56+00:00\",\"breadcrumb\":{\"@id\":\"https:\/\/old.baseandco.com\/gb\/clients\/#breadcrumb\"},\"inLanguage\":\"en-GB\",\"potentialAction\":[{\"@type\":\"ReadAction\",\"target\":[\"https:\/\/old.baseandco.com\/gb\/clients\/\"]}]},{\"@type\":\"BreadcrumbList\",\"@id\":\"https:\/\/old.baseandco.com\/gb\/clients\/#breadcrumb\",\"itemListElement\":[{\"@type\":\"ListItem\",\"position\":1,\"name\":\"Accueil\",\"item\":\"https:\/\/old.baseandco.com\/gb\/\"},{\"@type\":\"ListItem\",\"position\":2,\"name\":\"clients\"}]},{\"@type\":\"WebSite\",\"@id\":\"https:\/\/old.baseandco.com\/gb\/#website\",\"url\":\"https:\/\/old.baseandco.com\/gb\/\",\"name\":\"Base&amp;Co | Agence Performance Digital\",\"description\":\"\",\"potentialAction\":[{\"@type\":\"SearchAction\",\"target\":{\"@type\":\"EntryPoint\",\"urlTemplate\":\"https:\/\/old.baseandco.com\/gb\/?s={search_term_string}\"},\"query-input\":{\"@type\":\"PropertyValueSpecification\",\"valueRequired\":true,\"valueName\":\"search_term_string\"}}],\"inLanguage\":\"en-GB\"}]}<\/script>\n<!-- \/ Yoast SEO plugin. -->","yoast_head_json":{"title":"clients - Base&amp;Co | Agence Performance Digital","robots":{"index":"noindex","follow":"follow","max-snippet":"max-snippet:-1","max-image-preview":"max-image-preview:large","max-video-preview":"max-video-preview:-1"},"og_locale":"en_GB","og_type":"article","og_title":"clients - Base&amp;Co | Agence Performance Digital","og_url":"https:\/\/old.baseandco.com\/gb\/clients\/","og_site_name":"Base&amp;Co | Agence Performance Digital","article_modified_time":"2024-02-06T09:11:56+00:00","twitter_card":"summary_large_image","twitter_misc":{"Est. reading time":"2 minutes"},"schema":{"@context":"https:\/\/schema.org","@graph":[{"@type":"WebPage","@id":"https:\/\/old.baseandco.com\/gb\/clients\/","url":"https:\/\/old.baseandco.com\/gb\/clients\/","name":"clients - Base&amp;Co | Agence Performance Digital","isPartOf":{"@id":"https:\/\/old.baseandco.com\/gb\/#website"},"datePublished":"2019-03-09T21:33:42+00:00","dateModified":"2024-02-06T09:11:56+00:00","breadcrumb":{"@id":"https:\/\/old.baseandco.com\/gb\/clients\/#breadcrumb"},"inLanguage":"en-GB","potentialAction":[{"@type":"ReadAction","target":["https:\/\/old.baseandco.com\/gb\/clients\/"]}]},{"@type":"BreadcrumbList","@id":"https:\/\/old.baseandco.com\/gb\/clients\/#breadcrumb","itemListElement":[{"@type":"ListItem","position":1,"name":"Accueil","item":"https:\/\/old.baseandco.com\/gb\/"},{"@type":"ListItem","position":2,"name":"clients"}]},{"@type":"WebSite","@id":"https:\/\/old.baseandco.com\/gb\/#website","url":"https:\/\/old.baseandco.com\/gb\/","name":"Base&amp;Co | Agence Performance Digital","description":"","potentialAction":[{"@type":"SearchAction","target":{"@type":"EntryPoint","urlTemplate":"https:\/\/old.baseandco.com\/gb\/?s={search_term_string}"},"query-input":{"@type":"PropertyValueSpecification","valueRequired":true,"valueName":"search_term_string"}}],"inLanguage":"en-GB"}]}},"_links":{"self":[{"href":"https:\/\/old.baseandco.com\/gb\/wp-json\/wp\/v2\/pages\/13","targetHints":{"allow":["GET"]}}],"collection":[{"href":"https:\/\/old.baseandco.com\/gb\/wp-json\/wp\/v2\/pages"}],"about":[{"href":"https:\/\/old.baseandco.com\/gb\/wp-json\/wp\/v2\/types\/page"}],"author":[{"embeddable":true,"href":"https:\/\/old.baseandco.com\/gb\/wp-json\/wp\/v2\/users\/1"}],"replies":[{"embeddable":true,"href":"https:\/\/old.baseandco.com\/gb\/wp-json\/wp\/v2\/comments?post=13"}],"version-history":[{"count":28,"href":"https:\/\/old.baseandco.com\/gb\/wp-json\/wp\/v2\/pages\/13\/revisions"}],"predecessor-version":[{"id":2460,"href":"https:\/\/old.baseandco.com\/gb\/wp-json\/wp\/v2\/pages\/13\/revisions\/2460"}],"wp:attachment":[{"href":"https:\/\/old.baseandco.com\/gb\/wp-json\/wp\/v2\/media?parent=13"}],"curies":[{"name":"wp","href":"https:\/\/api.w.org\/{rel}","templated":true}]}}